{"id":3065,"date":"2016-02-27T15:08:51","date_gmt":"2016-02-27T14:08:51","guid":{"rendered":"https:\/\/www.codivetrasporti.it\/?page_id=3065"},"modified":"2016-02-27T15:10:42","modified_gmt":"2016-02-27T14:10:42","slug":"cookie-policy","status":"publish","type":"page","link":"https:\/\/www.codivetrasporti.it\/?page_id=3065","title":{"rendered":"Cookie Policy"},"content":{"rendered":"<p><b>Cookies<br \/>\n<\/b>Per rendere il nostro sito pi\u00f9 facile ed intuitivo facciamo uso dei cookie. I cookie sono piccole porzioni di dati che ci permettono di confrontare i visitatori nuovi e quelli passati e di capire come gli utenti navigano attraverso il nostro sito. Utilizziamo i dati raccolti grazie ai cookie per rendere l\u2019esperienza di navigazione pi\u00f9 piacevole e pi\u00f9 efficiente in futuro. I cookie non registrano alcuna informazione personale su un utente e gli eventuali dati identificabili non verranno memorizzati. Se si desidera disabilitare l\u2019uso dei cookie \u00e8 necessario personalizzare le impostazioni del proprio computer impostando la cancellazione di tutti i cookie o attivando un messaggio di avviso quando i cookie vengono memorizzati. Per procedere senza modificare l\u2019applicazione dei cookie \u00e8 sufficiente continuare con la navigazione<\/p>\n<p>Visita\u00a0<a href=\"http:\/\/www.aboutCookies.org\" target=\"_blank\">AboutCookies.org<\/a>\u00a0per ulteriori informazioni sui cookie e su come influenzano la tua esperienza di navigazione.<\/p>\n<p><b>Cookies indispensabil<\/b>i<br \/>\nQuesti cookie sono essenziali al fine di consentire di spostarsi in tutto il sito ed utilizzare a pieno le sue caratteristiche, come ad esempio accedere alle varie aree protette del sito. Senza questi cookie alcuni servizi necessari, come la compilazione di un form per un concorso, non possono essere fruiti.<\/p>\n<p><b>Performance Cookies<br \/>\n<\/b>Questi cookie raccolgono informazioni su come gli utenti utilizzano un sito web, ad esempio, quali sono le pagine pi\u00f9 visitare, se si ricevono messaggi di errore da pagine web. Questi cookie non raccolgono informazioni che identificano un visitatore. Tutte le informazioni raccolte tramite cookie sono aggregate e quindi anonime. Vengono utilizzati solo per migliorare il funzionamento di un sito web. Utilizzando il nostro sito, l\u2019utente accetta che tali cookie possono essere installati sul proprio dispositivo.<\/p>\n<p><b>Cookies di funzionalit\u00e0<br \/>\n<\/b>I cookie consentono al sito di ricordare le scelte fatte dall\u2019utente (come il nome, la lingua o la regione di provenienza) e forniscono funzionalit\u00e0 avanzate personalizzate. Questi cookie possono essere utilizzati anche per ricordare le modifiche apportate alla dimensione del testo, font ed altre parti di pagine web che \u00e8 possibile personalizzare. Essi possono anche essere utilizzati per fornire servizi che hai chiesto come guardare un video o i commenti su un blog. Le informazioni raccolte da questi tipi di cookie possono essere rese anonime e non in grado di monitorare la vostra attivit\u00e0 di navigazione su altri siti web. Utilizzando il nostro sito, l\u2019utente accetta che tali cookie possono essere installati sul proprio dispositivo.<\/p>\n<p><b>Google Analytics<br \/>\n<\/b>Questo sito web utilizza Google Analytics, un servizio di analisi web fornito da Google , Inc. ( \u201cGoogle\u201d). Google Analytics utilizza dei \u201ccookies\u201d , che sono file di testo depositati sul Vostro computer per consentire al sito web di analizzare come gli utenti utilizzano il sito. Le informazioni generate dal cookie sull\u2019utilizzo del sito web ( compreso il Vostro indirizzo IP anonimo ) verranno trasmesse e depositate presso i server di Google negli Stati Uniti. Google utilizzer\u00e0 queste informazioni allo scopo di esaminare il Vostro utilizzo del sito web, compilare report sulle attivit\u00e0 del sito per gli operatori dello stesso e fornire altri servizi relativi alle attivit\u00e0 del sito web e all\u2019utilizzo di internet. Google pu\u00f2 anche trasferire queste informazioni a terzi ove ci\u00f2 sia imposto dalla legge o laddove tali terzi trattino le suddette informazioni per conto di Google. Google non assocer\u00e0 il vostro indirizzo IP a nessun altro dato posseduto da Google. Potete rifiutarvi di usare i cookies selezionando l\u2019impostazione appropriata sul vostro browser, ma si prega di notare che se si fa questo non si pu\u00f2 essere in grado di utilizzare tutte le funzionalit\u00e0 di questo sito web. Utilizzando il presente sito web, voi acconsentite al trattamento dei Vostri dati da parte di Google per le modalit\u00e0 ed i fini sopraindicati.<\/p>\n<p>Si pu\u00f2 impedire a Google il rilevamento di un cookie che viene generato a causa di e legato al Vostro utilizzo di questo sito web (compreso il Vostro indirizzo IP) e l\u2019elaborazione di tali dati scaricando e installando questo plugin per il browser :\u00a0http:\/\/tools.google.com\/dlpage\/gaoptout?hl=it<\/p>\n<h3><a href=\"https:\/\/www.codivetrasporti.it\/\">www.codivetrasporti.it<br \/>\n<\/a>email:\u00a0<a href=\"mailto:info@codivetrasporti.it\" target=\"_blank\">info@codivetrasporti.it<\/a><\/h3>\n","protected":false},"excerpt":{"rendered":"<p>Cookies Per rendere il nostro sito pi\u00f9 facile ed intuitivo facciamo uso dei cookie. I cookie sono piccole porzioni di dati che ci permettono di confrontare i visitatori nuovi e quelli passati e di capire come gli utenti navigano attraverso il nostro sito. Utilizziamo i dati raccolti grazie ai cookie per rendere l\u2019esperienza di navigazione &hellip;<\/p>\n","protected":false},"author":3,"featured_media":0,"parent":0,"menu_order":0,"comment_status":"closed","ping_status":"closed","template":"","meta":{"footnotes":""},"class_list":["post-3065","page","type-page","status-publish","hentry"],"_links":{"self":[{"href":"https:\/\/www.codivetrasporti.it\/index.php?rest_route=\/wp\/v2\/pages\/3065","targetHints":{"allow":["GET"]}}],"collection":[{"href":"https:\/\/www.codivetrasporti.it\/index.php?rest_route=\/wp\/v2\/pages"}],"about":[{"href":"https:\/\/www.codivetrasporti.it\/index.php?rest_route=\/wp\/v2\/types\/page"}],"author":[{"embeddable":true,"href":"https:\/\/www.codivetrasporti.it\/index.php?rest_route=\/wp\/v2\/users\/3"}],"replies":[{"embeddable":true,"href":"https:\/\/www.codivetrasporti.it\/index.php?rest_route=%2Fwp%2Fv2%2Fcomments&post=3065"}],"version-history":[{"count":2,"href":"https:\/\/www.codivetrasporti.it\/index.php?rest_route=\/wp\/v2\/pages\/3065\/revisions"}],"predecessor-version":[{"id":3067,"href":"https:\/\/www.codivetrasporti.it\/index.php?rest_route=\/wp\/v2\/pages\/3065\/revisions\/3067"}],"wp:attachment":[{"href":"https:\/\/www.codivetrasporti.it\/index.php?rest_route=%2Fwp%2Fv2%2Fmedia&parent=3065"}],"curies":[{"name":"wp","href":"https:\/\/api.w.org\/{rel}","templated":true}]}}